{"id":428,"date":"2022-04-27T14:27:24","date_gmt":"2022-04-27T12:27:24","guid":{"rendered":"https:\/\/imk-industrial-intelligence.com\/?page_id=428"},"modified":"2025-02-17T14:22:46","modified_gmt":"2025-02-17T13:22:46","slug":"imprint","status":"publish","type":"page","link":"https:\/\/imk-industrial-intelligence.com\/en\/imprint\/","title":{"rendered":"Imprint"},"content":{"rendered":"<h3 class=\"wp-block-heading\">Address<\/h3>\n\n\n\n<p>imk Industrial Intelligence GmbH<\/p>\n\n\n\n<p>Amselgrund 30<br>09128 Chemnitz<br><br>Phone: +49 (0)371 - 400 97 0<br>Fax: +49 (0)371 - 400 97 19<br>Email:&nbsp;<a href=\"mailto:info@imk-ic.com\">info@imk-ic.com<\/a><\/p>\n\n\n\n<h3 class=\"wp-block-heading\">Managing Director<\/h3>\n\n\n\n<p>Prof. Dr. Lars Fritzsche<\/p>\n\n\n\n<h3 class=\"wp-block-heading\">Commercial register<\/h3>\n\n\n\n<p>Chemnitz HRB 34474<\/p>\n\n\n\n<h3 class=\"wp-block-heading\">Tax number<\/h3>\n\n\n\n<p>214\/111\/04661 Chemnitz South Tax Office<\/p>\n\n\n\n<h3 class=\"wp-block-heading\">Sales tax ID<\/h3>\n\n\n\n<p>DE 348 093 759<\/p>\n\n\n\n<h3 class=\"wp-block-heading\">Liability for contents<\/h3>\n\n\n\n<p>The contents of our pages have been created with the greatest care. However, we cannot accept any liability for the accuracy, completeness and topicality of the content. As a service provider, we are responsible for our own content on these pages in accordance with general legislation. However, as a service provider, we are not obliged to monitor transmitted or stored third-party information or to investigate circumstances that indicate illegal activity. Obligations to remove or block the use of information in accordance with general legislation remain unaffected by this. However, liability in this respect is only possible from the time of knowledge of a specific infringement. As soon as we become aware of such infringements, we will remove this content immediately.<\/p>\n\n\n\n<h3 class=\"wp-block-heading\">Liability for links<\/h3>\n\n\n\n<p>Our offer contains links to external websites of third parties, on whose contents we have no influence. Therefore, we cannot assume any liability for these external contents. The respective provider or operator of the pages is always responsible for the content of the linked pages. The linked pages were checked for possible legal violations at the time of linking. Illegal contents were not recognizable at the time of linking. However, a permanent control of the contents of the linked pages is not reasonable without concrete evidence of a violation of the law. If we become aware of any infringements, we will remove such links immediately.<\/p>\n\n\n\n<h3 class=\"wp-block-heading\">Copyright<\/h3>\n\n\n\n<p>The content and works created by the site operators on these pages are subject to German copyright law. The reproduction, editing, distribution and any kind of exploitation outside the limits of copyright require the written consent of the respective author or creator. Downloads and copies of this site are only permitted for private, non-commercial use and with the prior consent of the copyright holder. Insofar as the content on this site was not created by imk automotive, the copyrights of third parties are respected. In particular, third-party content is identified as such. Should you nevertheless become aware of a copyright infringement, please inform us accordingly. If we become aware of any infringements, we will remove such content immediately.<\/p>\n\n\n\n<p><strong>Social media channels<\/strong><br>This imprint also applies to our social media presences on&nbsp;<a href=\"https:\/\/www.facebook.com\/Imk-automotive-GmbH-131371557456075\/\" target=\"_blank\" rel=\"noreferrer noopener\">Facebook<\/a>,&nbsp;<a href=\"https:\/\/www.youtube.com\/user\/imkautomotive\" target=\"_blank\" rel=\"noreferrer noopener\">YouTube<\/a>,&nbsp;<a href=\"https:\/\/www.xing.com\/companies\/imkautomotivegmbh\" target=\"_blank\" rel=\"noreferrer noopener\">XING<\/a>,&nbsp;<a href=\"https:\/\/www.linkedin.com\/company\/imk-automotive-gmbh\" target=\"_blank\" rel=\"noreferrer noopener\">Linkedin&nbsp;<\/a>and <a href=\"https:\/\/www.instagram.com\/imk_career\/\">Instagram<\/a><\/p>\n\n\n\n<h3 class=\"wp-block-heading\">Design &amp; web development<\/h3>\n\n\n\n<p>theCASE GmbH &amp; Co. KG<br>Creative &amp; digital agency<br><a href=\"http:\/\/www.thecase.digital\">www.thecase.digital<\/a><\/p>\n\n\n\n<p>Agricolastr. 67, 09112 Chemnitz<br>Phone: 0371 \/ 335 27 180<br><a href=\"mailto:info@thecase.digital\">info@thecase.digital<\/a><\/p>","protected":false},"excerpt":{"rendered":"<p>Address imk Industrial Intelligence GmbH Amselgrund 3009128 Chemnitz Phone: +49 (0)371 - 400 97 0Fax: +49 (0)371 - 400 97 19E-Mail: info@imk-ic.com Managing Director Prof. Dr. Lars Fritzsche Commercial Register Chemnitz HRB 34474 Tax number 214\/111\/04661 Tax Office Chemnitz South Sales Tax ID DE 348 093 759 Liability for contents The contents of our pages were created with the greatest care. For the correctness, [...]<\/p>","protected":false},"author":1,"featured_media":0,"parent":0,"menu_order":0,"comment_status":"closed","ping_status":"closed","template":"","meta":{"_acf_changed":false,"inline_featured_image":false,"footnotes":""},"class_list":["post-428","page","type-page","status-publish","hentry"],"acf":[],"yoast_head":"<!-- This site is optimized with the Yoast SEO plugin v26.3 - https:\/\/yoast.com\/wordpress\/plugins\/seo\/ -->\n<title>Impressum - imk Industrial intelligence<\/title>\n<meta name=\"robots\" content=\"noindex, follow\" \/>\n<meta property=\"og:locale\" content=\"en_US\" \/>\n<meta property=\"og:type\" content=\"article\" \/>\n<meta property=\"og:title\" content=\"Impressum - imk Industrial intelligence\" \/>\n<meta property=\"og:description\" content=\"Anschrift imk Industrial Intelligence GmbH Amselgrund 3009128 Chemnitz Telefon: +49 (0)371 &#8211; 400 97 0Fax: +49 (0)371 &#8211; 400 97 19E-Mail:&nbsp;info@imk-ic.com Gesch\u00e4ftsf\u00fchrer Prof. Dr. Lars Fritzsche Handelsregister Chemnitz HRB 34474 Steuernummer 214\/111\/04661 Finanzamt Chemnitz S\u00fcd Umsatzsteuer-ID DE 348 093 759 Haftung f\u00fcr Inhalte Die Inhalte unserer Seiten wurden mit gr\u00f6\u00dfter Sorgfalt erstellt. F\u00fcr die Richtigkeit, [&hellip;]\" \/>\n<meta property=\"og:url\" content=\"https:\/\/imk-industrial-intelligence.com\/en\/imprint\/\" \/>\n<meta property=\"og:site_name\" content=\"imk Industrial intelligence\" \/>\n<meta property=\"article:publisher\" content=\"https:\/\/www.facebook.com\/imkautomotive\/\" \/>\n<meta property=\"article:modified_time\" content=\"2025-02-17T13:22:46+00:00\" \/>\n<meta name=\"twitter:card\" content=\"summary_large_image\" \/>\n<meta name=\"twitter:site\" content=\"@imk_automotive\" \/>\n<meta name=\"twitter:label1\" content=\"Est. reading time\" \/>\n\t<meta name=\"twitter:data1\" content=\"3 minutes\" \/>\n<script type=\"application\/ld+json\" class=\"yoast-schema-graph\">{\"@context\":\"https:\/\/schema.org\",\"@graph\":[{\"@type\":\"WebPage\",\"@id\":\"https:\/\/imk-industrial-intelligence.com\/impressum\/\",\"url\":\"https:\/\/imk-industrial-intelligence.com\/impressum\/\",\"name\":\"Impressum - imk Industrial intelligence\",\"isPartOf\":{\"@id\":\"https:\/\/imk-industrial-intelligence.com\/#website\"},\"datePublished\":\"2022-04-27T12:27:24+00:00\",\"dateModified\":\"2025-02-17T13:22:46+00:00\",\"breadcrumb\":{\"@id\":\"https:\/\/imk-industrial-intelligence.com\/impressum\/#breadcrumb\"},\"inLanguage\":\"en-US\",\"potentialAction\":[{\"@type\":\"ReadAction\",\"target\":[\"https:\/\/imk-industrial-intelligence.com\/impressum\/\"]}]},{\"@type\":\"BreadcrumbList\",\"@id\":\"https:\/\/imk-industrial-intelligence.com\/impressum\/#breadcrumb\",\"itemListElement\":[{\"@type\":\"ListItem\",\"position\":1,\"name\":\"Home\",\"item\":\"https:\/\/imk-industrial-intelligence.com\/\"},{\"@type\":\"ListItem\",\"position\":2,\"name\":\"Impressum\"}]},{\"@type\":\"WebSite\",\"@id\":\"https:\/\/imk-industrial-intelligence.com\/#website\",\"url\":\"https:\/\/imk-industrial-intelligence.com\/\",\"name\":\"imk Industrial Intelligence\",\"description\":\"Produktionsplanung, Ergonomie &amp; Digitale Fabrik\",\"publisher\":{\"@id\":\"https:\/\/imk-industrial-intelligence.com\/#organization\"},\"potentialAction\":[{\"@type\":\"SearchAction\",\"target\":{\"@type\":\"EntryPoint\",\"urlTemplate\":\"https:\/\/imk-industrial-intelligence.com\/?s={search_term_string}\"},\"query-input\":{\"@type\":\"PropertyValueSpecification\",\"valueRequired\":true,\"valueName\":\"search_term_string\"}}],\"inLanguage\":\"en-US\"},{\"@type\":\"Organization\",\"@id\":\"https:\/\/imk-industrial-intelligence.com\/#organization\",\"name\":\"imk Industrial Intelligence GmbH\",\"alternateName\":\"imk Industrial Intelligence\",\"url\":\"https:\/\/imk-industrial-intelligence.com\/\",\"logo\":{\"@type\":\"ImageObject\",\"inLanguage\":\"en-US\",\"@id\":\"https:\/\/imk-industrial-intelligence.com\/#\/schema\/logo\/image\/\",\"url\":\"https:\/\/imk-industrial-intelligence.com\/wp-content\/uploads\/2022\/04\/imk-Industrial-Logo.png\",\"contentUrl\":\"https:\/\/imk-industrial-intelligence.com\/wp-content\/uploads\/2022\/04\/imk-Industrial-Logo.png\",\"width\":822,\"height\":340,\"caption\":\"imk Industrial Intelligence GmbH\"},\"image\":{\"@id\":\"https:\/\/imk-industrial-intelligence.com\/#\/schema\/logo\/image\/\"},\"sameAs\":[\"https:\/\/www.facebook.com\/imkautomotive\/\",\"https:\/\/x.com\/imk_automotive\",\"https:\/\/www.xing.com\/pages\/imkautomotivegmbh\",\"https:\/\/www.linkedin.com\/company\/imk-industrial-intelligence\/\"]}]}<\/script>\n<!-- \/ Yoast SEO plugin. -->","yoast_head_json":{"title":"Imprint - imk Industrial intelligence","robots":{"index":"noindex","follow":"follow"},"og_locale":"en_US","og_type":"article","og_title":"Impressum - imk Industrial intelligence","og_description":"Anschrift imk Industrial Intelligence GmbH Amselgrund 3009128 Chemnitz Telefon: +49 (0)371 &#8211; 400 97 0Fax: +49 (0)371 &#8211; 400 97 19E-Mail:&nbsp;info@imk-ic.com Gesch\u00e4ftsf\u00fchrer Prof. Dr. Lars Fritzsche Handelsregister Chemnitz HRB 34474 Steuernummer 214\/111\/04661 Finanzamt Chemnitz S\u00fcd Umsatzsteuer-ID DE 348 093 759 Haftung f\u00fcr Inhalte Die Inhalte unserer Seiten wurden mit gr\u00f6\u00dfter Sorgfalt erstellt. F\u00fcr die Richtigkeit, [&hellip;]","og_url":"https:\/\/imk-industrial-intelligence.com\/en\/imprint\/","og_site_name":"imk Industrial intelligence","article_publisher":"https:\/\/www.facebook.com\/imkautomotive\/","article_modified_time":"2025-02-17T13:22:46+00:00","twitter_card":"summary_large_image","twitter_site":"@imk_automotive","twitter_misc":{"Est. reading time":"3 minutes"},"schema":{"@context":"https:\/\/schema.org","@graph":[{"@type":"WebPage","@id":"https:\/\/imk-industrial-intelligence.com\/impressum\/","url":"https:\/\/imk-industrial-intelligence.com\/impressum\/","name":"Imprint - imk Industrial intelligence","isPartOf":{"@id":"https:\/\/imk-industrial-intelligence.com\/#website"},"datePublished":"2022-04-27T12:27:24+00:00","dateModified":"2025-02-17T13:22:46+00:00","breadcrumb":{"@id":"https:\/\/imk-industrial-intelligence.com\/impressum\/#breadcrumb"},"inLanguage":"en-US","potentialAction":[{"@type":"ReadAction","target":["https:\/\/imk-industrial-intelligence.com\/impressum\/"]}]},{"@type":"BreadcrumbList","@id":"https:\/\/imk-industrial-intelligence.com\/impressum\/#breadcrumb","itemListElement":[{"@type":"ListItem","position":1,"name":"Home","item":"https:\/\/imk-industrial-intelligence.com\/"},{"@type":"ListItem","position":2,"name":"Impressum"}]},{"@type":"WebSite","@id":"https:\/\/imk-industrial-intelligence.com\/#website","url":"https:\/\/imk-industrial-intelligence.com\/","name":"imk Industrial Intelligence","description":"Production Planning, Ergonomics &amp; Digital Factory","publisher":{"@id":"https:\/\/imk-industrial-intelligence.com\/#organization"},"potentialAction":[{"@type":"SearchAction","target":{"@type":"EntryPoint","urlTemplate":"https:\/\/imk-industrial-intelligence.com\/?s={search_term_string}"},"query-input":{"@type":"PropertyValueSpecification","valueRequired":true,"valueName":"search_term_string"}}],"inLanguage":"en-US"},{"@type":"Organization","@id":"https:\/\/imk-industrial-intelligence.com\/#organization","name":"imk Industrial Intelligence GmbH","alternateName":"imk Industrial Intelligence","url":"https:\/\/imk-industrial-intelligence.com\/","logo":{"@type":"ImageObject","inLanguage":"en-US","@id":"https:\/\/imk-industrial-intelligence.com\/#\/schema\/logo\/image\/","url":"https:\/\/imk-industrial-intelligence.com\/wp-content\/uploads\/2022\/04\/imk-Industrial-Logo.png","contentUrl":"https:\/\/imk-industrial-intelligence.com\/wp-content\/uploads\/2022\/04\/imk-Industrial-Logo.png","width":822,"height":340,"caption":"imk Industrial Intelligence GmbH"},"image":{"@id":"https:\/\/imk-industrial-intelligence.com\/#\/schema\/logo\/image\/"},"sameAs":["https:\/\/www.facebook.com\/imkautomotive\/","https:\/\/x.com\/imk_automotive","https:\/\/www.xing.com\/pages\/imkautomotivegmbh","https:\/\/www.linkedin.com\/company\/imk-industrial-intelligence\/"]}]}},"_links":{"self":[{"href":"https:\/\/imk-industrial-intelligence.com\/en\/wp-json\/wp\/v2\/pages\/428","targetHints":{"allow":["GET"]}}],"collection":[{"href":"https:\/\/imk-industrial-intelligence.com\/en\/wp-json\/wp\/v2\/pages"}],"about":[{"href":"https:\/\/imk-industrial-intelligence.com\/en\/wp-json\/wp\/v2\/types\/page"}],"author":[{"embeddable":true,"href":"https:\/\/imk-industrial-intelligence.com\/en\/wp-json\/wp\/v2\/users\/1"}],"replies":[{"embeddable":true,"href":"https:\/\/imk-industrial-intelligence.com\/en\/wp-json\/wp\/v2\/comments?post=428"}],"version-history":[{"count":8,"href":"https:\/\/imk-industrial-intelligence.com\/en\/wp-json\/wp\/v2\/pages\/428\/revisions"}],"predecessor-version":[{"id":5571,"href":"https:\/\/imk-industrial-intelligence.com\/en\/wp-json\/wp\/v2\/pages\/428\/revisions\/5571"}],"wp:attachment":[{"href":"https:\/\/imk-industrial-intelligence.com\/en\/wp-json\/wp\/v2\/media?parent=428"}],"curies":[{"name":"wp","href":"https:\/\/api.w.org\/{rel}","templated":true}]}}